{"id":41,"date":"2024-07-27T21:55:56","date_gmt":"2024-07-27T21:55:56","guid":{"rendered":"https:\/\/eviggladhuset.dk\/?page_id=41"},"modified":"2024-07-28T08:35:01","modified_gmt":"2024-07-28T08:35:01","slug":"praktisk-information","status":"publish","type":"page","link":"https:\/\/eviggladhuset.dk\/?page_id=41","title":{"rendered":"Praktisk information"},"content":{"rendered":"\n<h3 class=\"wp-block-heading\">Ulykkesforsikring<\/h3>\n\n\n\n<p>Det er jeres ansvar at tegne en ulykkesforsikring for jeres barn. Selvom det ikke er et krav, opfordrer jeg st\u00e6rkt til det. Min forsikring d\u00e6kker ikke, hvis barnet kommer til skade eller \u00f8del\u00e6gger noget.<\/p>\n\n\n\n<h3 class=\"wp-block-heading\">Aflevering og Afhentning<\/h3>\n\n\n\n<p>Det er vigtigt at tage sig tid til at aflevere jeres barn om morgenen. Dette er ikke kun for barnets skyld, men ogs\u00e5 for at informere mig om eventuelle vigtige forhold, som d\u00e5rlig s\u00f8vn eller andre relevante oplysninger. Dette hj\u00e6lper mig med at st\u00f8tte barnet bedst muligt i l\u00f8bet af dagen. Jeg beder om, at I henter jeres barn 10 minutter f\u00f8r lukketid, s\u00e5 vi kan have en kort dialog om barnets dag.<\/p>\n\n\n\n<p>For at sikre en god planl\u00e6gning, er det vigtigt at overholde de aftalte tidspunkter for aflevering og afhentning. Jeg vil gerne have en ugeplan for den kommende uge hver fredag. Denne plan kan altid justeres efter behov.<\/p>\n\n\n\n<h3 class=\"wp-block-heading\">Ferie og fridage<\/h3>\n\n\n\n<p>Der udkommer en ferieplan for hvert \u00e5r. Fridage varsles med minimum 14 dage. <\/p>\n\n\n\n<h3 class=\"wp-block-heading\">G\u00e6stepasning<\/h3>\n\n\n\n<p>Jeg kan desv\u00e6rre ikke tilbyde g\u00e6stepasning ved ferie eller sygdom. Det er op til jer for\u00e6ldre at finde en alternativ l\u00f8sning.<\/p>\n\n\n\n<h3 class=\"wp-block-heading\">M\u00f8detid<\/h3>\n\n\n\n<p>Dit barn skal m\u00f8de i dagplejen inden kl. 8.45, med mindre andet er aftalt.<\/p>\n\n\n\n<h3 class=\"wp-block-heading\">Kontraktskrivning<\/h3>\n\n\n\n<p>N\u00e5r I v\u00e6lger privat b\u00f8rnepasning, underskriver vi en kontrakt, der blandt andet indeholder pasningstidspunkter, oplysninger om barnet og regler for pasningsordningen.<\/p>\n\n\n\n<h3 class=\"wp-block-heading\">Opsigelse<\/h3>\n\n\n\n<p>Der er en gensidig opsigelsesfrist p\u00e5 l\u00f8bende m\u00e5ned + 1 m\u00e5ned. Opsigelse kan ikke ske de sidste 3 m\u00e5neder f\u00f8r b\u00f8rnehavestart, i sommerferien eller december m\u00e5ned, undtagen ved b\u00f8rnehavestart. Manglende betaling kan medf\u00f8re \u00f8jeblikkelig opsigelse.<\/p>\n\n\n\n<h3 class=\"wp-block-heading\">Solcreme<\/h3>\n\n\n\n<p>Dit barn skal v\u00e6re smurt ind i solcreme hjemmefra. I sommerperioden er det vigtigt, at dit barn er beskyttet mod solen. Jeg foretr\u00e6kker, at barnet har en lang\u00e6rmet tynd bomuldsbluse\/skjorte og solhat p\u00e5. Efter middagsluren sm\u00f8rer jeg b\u00f8rnene p\u00e5 udsatte steder (ansigt, nakke og \u00f8reflipper), hvis vi skal ud i haven om eftermiddagen.<\/p>\n\n\n\n<h3 class=\"wp-block-heading\">Tilsyn<\/h3>\n\n\n\n<p>Kolding Kommune f\u00f8rer l\u00f8bende 6-8 tilsyn med private b\u00f8rnepassere. Tilsynsbes\u00f8g kan v\u00e6re b\u00e5de anmeldte og uanmeldte og sikrer barnets trivsel og udvikling, dagplejerens trivsel og udvikling samt dagplejehjemmets indretning og sikkerhed. Et tilsyn varer ca. 1-2 timer, og der kan f\u00f8res ekstra tilsyn, hvis det sk\u00f8nnes n\u00f8dvendigt.<\/p>\n","protected":false},"excerpt":{"rendered":"<p>Ulykkesforsikring Det er jeres ansvar at tegne en ulykkesforsikring for jeres barn. Selvom det ikke er et krav, opfordrer jeg st\u00e6rkt til det. Min forsikring d\u00e6kker ikke, hvis barnet kommer til skade eller \u00f8del\u00e6gger noget. Aflevering og Afhentning Det er vigtigt at tage sig tid til at aflevere jeres barn om morgenen. Dette er ikke [&hellip;]<\/p>\n","protected":false},"author":1,"featured_media":0,"parent":0,"menu_order":0,"comment_status":"closed","ping_status":"closed","template":"","meta":{"footnotes":""},"class_list":["post-41","page","type-page","status-publish","hentry"],"_links":{"self":[{"href":"https:\/\/eviggladhuset.dk\/index.php?rest_route=\/wp\/v2\/pages\/41","targetHints":{"allow":["GET"]}}],"collection":[{"href":"https:\/\/eviggladhuset.dk\/index.php?rest_route=\/wp\/v2\/pages"}],"about":[{"href":"https:\/\/eviggladhuset.dk\/index.php?rest_route=\/wp\/v2\/types\/page"}],"author":[{"embeddable":true,"href":"https:\/\/eviggladhuset.dk\/index.php?rest_route=\/wp\/v2\/users\/1"}],"replies":[{"embeddable":true,"href":"https:\/\/eviggladhuset.dk\/index.php?rest_route=%2Fwp%2Fv2%2Fcomments&post=41"}],"version-history":[{"count":3,"href":"https:\/\/eviggladhuset.dk\/index.php?rest_route=\/wp\/v2\/pages\/41\/revisions"}],"predecessor-version":[{"id":78,"href":"https:\/\/eviggladhuset.dk\/index.php?rest_route=\/wp\/v2\/pages\/41\/revisions\/78"}],"wp:attachment":[{"href":"https:\/\/eviggladhuset.dk\/index.php?rest_route=%2Fwp%2Fv2%2Fmedia&parent=41"}],"curies":[{"name":"wp","href":"https:\/\/api.w.org\/{rel}","templated":true}]}}