{"id":37,"date":"2024-07-27T21:47:58","date_gmt":"2024-07-27T21:47:58","guid":{"rendered":"https:\/\/eviggladhuset.dk\/?page_id=37"},"modified":"2025-12-30T09:02:51","modified_gmt":"2025-12-30T09:02:51","slug":"priser-2024","status":"publish","type":"page","link":"https:\/\/eviggladhuset.dk\/?page_id=37","title":{"rendered":"Priser 2025"},"content":{"rendered":"\n<p>Der overf\u00f8res alle 12 m\u00e5neder, sidste bankdag i m\u00e5neden, <strong>12.350,-<\/strong> kr. til Eviggladhuset.<\/p>\n\n\n\n<p><strong>(Konto- og reg-nr: nummer st\u00e5r i kontrakten)<\/strong><\/p>\n\n\n\n<p>I skal selv s\u00f8ge tilskud fra kommunen, som udbetales direkte til jer. Tilskuddet til for\u00e6ldre fra Kolding kommune er <strong>7.864,-kr<\/strong>. (bagudbetalt).<\/p>\n\n\n\n<figure class=\"wp-block-table\"><table class=\"has-fixed-layout\"><tbody><tr><td><strong>Pris Eviggladhuset pr. m\u00e5ned<\/strong><\/td><td><strong>12.350,- kr. <\/strong><\/td><\/tr><tr><td>Tilskud Kolding Kommune pr. m\u00e5ned<\/td><td>7.864,- kr.<\/td><\/tr><tr><td>Pris modregnet tilskud<\/td><td>4.486,- kr.<\/td><\/tr><\/tbody><\/table><\/figure>\n\n\n\n<p>Tilskuddet kan v\u00e6re anderledes i andre kommuner, s\u00e5 husk at kontrollere det, hvis du kommer fra en anden kommune.<\/p>\n\n\n\n<p>Tilskuddet fra Kolding kommune vil blive sat ind p\u00e5 jeres Nemkonto, ligeledes den sidste hverdag i hver m\u00e5ned.<\/p>\n\n\n\n<p>Der betales ogs\u00e5 ved ferie og p\u00e5 lukkedage.<\/p>\n\n\n\n<p>Priserne bliver reguleret pr. 1\/1 hvert \u00e5r.<\/p>\n\n\n\n<p><em>Eksempel:<\/em> betaling for december skal indbetales senest sidste hverdag i november. Indbetales der ikke rettidigt, genoptages pasning f\u00f8rst, n\u00e5r der er betalt<\/p>\n\n\n\n<p>Prisen er stort set alt inkl.: solcreme, zink salve, bleer ( Rema1000) lommet\u00f8rkl\u00e6der, julegaver til b\u00f8rn og for\u00e6ldre, f\u00f8dselsdagsgaver, mad, ture ud af huset, sk\u00f8nne oplevelser og et fantastisk b\u00f8rneliv med k\u00e6rlighed, omsorg, stabilitet, forudsigelighed, ro og tryghed.<\/p>\n\n\n\n<p>Husk: Barnets navn skal st\u00e5 p\u00e5 alle overf\u00f8rsler! Jeg tilbyder kun fuldtidspladser.<\/p>\n","protected":false},"excerpt":{"rendered":"<p>Der overf\u00f8res alle 12 m\u00e5neder, sidste bankdag i m\u00e5neden, 12.350,- kr. til Eviggladhuset. (Konto- og reg-nr: nummer st\u00e5r i kontrakten) I skal selv s\u00f8ge tilskud fra kommunen, som udbetales direkte til jer. Tilskuddet til for\u00e6ldre fra Kolding kommune er 7.864,-kr. (bagudbetalt). Pris Eviggladhuset pr. m\u00e5ned 12.350,- kr. Tilskud Kolding Kommune pr. m\u00e5ned 7.864,- kr. Pris [&hellip;]<\/p>\n","protected":false},"author":1,"featured_media":0,"parent":0,"menu_order":0,"comment_status":"closed","ping_status":"closed","template":"","meta":{"footnotes":""},"class_list":["post-37","page","type-page","status-publish","hentry"],"_links":{"self":[{"href":"https:\/\/eviggladhuset.dk\/index.php?rest_route=\/wp\/v2\/pages\/37","targetHints":{"allow":["GET"]}}],"collection":[{"href":"https:\/\/eviggladhuset.dk\/index.php?rest_route=\/wp\/v2\/pages"}],"about":[{"href":"https:\/\/eviggladhuset.dk\/index.php?rest_route=\/wp\/v2\/types\/page"}],"author":[{"embeddable":true,"href":"https:\/\/eviggladhuset.dk\/index.php?rest_route=\/wp\/v2\/users\/1"}],"replies":[{"embeddable":true,"href":"https:\/\/eviggladhuset.dk\/index.php?rest_route=%2Fwp%2Fv2%2Fcomments&post=37"}],"version-history":[{"count":5,"href":"https:\/\/eviggladhuset.dk\/index.php?rest_route=\/wp\/v2\/pages\/37\/revisions"}],"predecessor-version":[{"id":133,"href":"https:\/\/eviggladhuset.dk\/index.php?rest_route=\/wp\/v2\/pages\/37\/revisions\/133"}],"wp:attachment":[{"href":"https:\/\/eviggladhuset.dk\/index.php?rest_route=%2Fwp%2Fv2%2Fmedia&parent=37"}],"curies":[{"name":"wp","href":"https:\/\/api.w.org\/{rel}","templated":true}]}}