{"id":2,"date":"2024-07-25T23:10:51","date_gmt":"2024-07-25T23:10:51","guid":{"rendered":"http:\/\/eviggladhuset.dk\/?page_id=2"},"modified":"2024-07-27T21:27:10","modified_gmt":"2024-07-27T21:27:10","slug":"sample-page","status":"publish","type":"page","link":"https:\/\/eviggladhuset.dk\/?page_id=2","title":{"rendered":"Om Mig"},"content":{"rendered":"\n<h3 class=\"wp-block-heading\">Hvem er jeg?<\/h3>\n\n\n\n<blockquote class=\"wp-block-quote is-layout-flow wp-block-quote-is-layout-flow\">\n<p>Jeg er en k\u00e6rlig og energisk person med en passion for leg og b\u00f8rns udvikling. Legen er magisk og danner det bedste fundament for barnets udvikling. Gennem leg sanser vi, udforsker vores kroppe, tester gr\u00e6nser, giver plads til hinanden og skaber f\u00e6llesskab.<\/p>\n\n\n\n<p>Efter vores nylige flytning har jeg besluttet at realisere min dr\u00f8m om at starte en privat pasningsordning. Jeg f\u00f8ler mig godt rustet til denne nye rejse.<\/p>\n\n\n\n<p>I Eviggladhuset l\u00e6gger jeg stor v\u00e6gt p\u00e5 hvert enkelt barns behov. Vores f\u00e6lles v\u00e6rdier er respekt, t\u00e5lmodighed, k\u00e6rlighed og masser af leg. Vi er ude hver dag, hvor vi bruger naturen til at sanse og skabe f\u00e6lles oplevelser. Gennem aktiviteter som massage, bolde og aktivitetsbaner styrker vi b\u00f8rnenes kroppe og n\u00e6rv\u00e6r. Dette giver ro og overskud, som er afg\u00f8rende for l\u00e6ring og udvikling.<\/p>\n<\/blockquote>\n\n\n\n<h3 class=\"wp-block-heading\">Fordele ved Eviggladhuset:<\/h3>\n\n\n\n<blockquote class=\"wp-block-quote is-layout-flow wp-block-quote-is-layout-flow\">\n<p>Jeg er ikke underlagt kommunens regler og faste skemaer, s\u00e5 hverdagen tilpasses det enkelte barns behov<\/p>\n\n\n\n<p>Kursus i arbejdet som dagplejer (med certifikat)<\/p>\n\n\n\n<p>F\u00f8rstehj\u00e6lpskursus til sm\u00e5 b\u00f8rn (opdateres hvert andet \u00e5r)<\/p>\n\n\n\n<p>Vi har valgt hinanden, hvilket skaber tryghed for dit barn<\/p>\n\n\n\n<p>Dit barn trives og vil altid v\u00e6re hos den samme voksen<\/p>\n\n\n\n<p>I min pasningsordning v\u00e6gter jeg tryghed, omsorg, n\u00e6rv\u00e6r og leg h\u00f8jt. N\u00f8gleordene i Eviggladhuset er genkendelighed, forudsigelighed og tillid. Jeg tilpasser dagligdagen efter hvert barns behov, trivsel og udvikling, og jeg inddrager dem i daglige g\u00f8rem\u00e5l for at styrke deres selvv\u00e6rd og kompetencer.<\/p>\n\n\n\n<p><\/p>\n<\/blockquote>\n\n\n\n<h3 class=\"wp-block-heading\">Hvorfor v\u00e6lge mig?<\/h3>\n\n\n\n<blockquote class=\"wp-block-quote is-layout-flow wp-block-quote-is-layout-flow\">\n<p>I min pasningsordning v\u00e6gter jeg tryghed, omsorg, n\u00e6rv\u00e6r og leg h\u00f8jt. N\u00f8gleordene i Eviggladhuset er genkendelighed, forudsigelighed og tillid. Jeg tilpasser dagligdagen efter hvert barns behov, trivsel og udvikling, og jeg inddrager dem i daglige g\u00f8rem\u00e5l for at styrke deres selvv\u00e6rd og kompetencer.<\/p>\n<\/blockquote>\n","protected":false},"excerpt":{"rendered":"<p>Hvem er jeg? Jeg er en k\u00e6rlig og energisk person med en passion for leg og b\u00f8rns udvikling. Legen er magisk og danner det bedste fundament for barnets udvikling. Gennem leg sanser vi, udforsker vores kroppe, tester gr\u00e6nser, giver plads til hinanden og skaber f\u00e6llesskab. Efter vores nylige flytning har jeg besluttet at realisere min [&hellip;]<\/p>\n","protected":false},"author":1,"featured_media":0,"parent":0,"menu_order":0,"comment_status":"closed","ping_status":"open","template":"","meta":{"footnotes":""},"class_list":["post-2","page","type-page","status-publish","hentry"],"_links":{"self":[{"href":"https:\/\/eviggladhuset.dk\/index.php?rest_route=\/wp\/v2\/pages\/2","targetHints":{"allow":["GET"]}}],"collection":[{"href":"https:\/\/eviggladhuset.dk\/index.php?rest_route=\/wp\/v2\/pages"}],"about":[{"href":"https:\/\/eviggladhuset.dk\/index.php?rest_route=\/wp\/v2\/types\/page"}],"author":[{"embeddable":true,"href":"https:\/\/eviggladhuset.dk\/index.php?rest_route=\/wp\/v2\/users\/1"}],"replies":[{"embeddable":true,"href":"https:\/\/eviggladhuset.dk\/index.php?rest_route=%2Fwp%2Fv2%2Fcomments&post=2"}],"version-history":[{"count":2,"href":"https:\/\/eviggladhuset.dk\/index.php?rest_route=\/wp\/v2\/pages\/2\/revisions"}],"predecessor-version":[{"id":31,"href":"https:\/\/eviggladhuset.dk\/index.php?rest_route=\/wp\/v2\/pages\/2\/revisions\/31"}],"wp:attachment":[{"href":"https:\/\/eviggladhuset.dk\/index.php?rest_route=%2Fwp%2Fv2%2Fmedia&parent=2"}],"curies":[{"name":"wp","href":"https:\/\/api.w.org\/{rel}","templated":true}]}}